{"id":28,"date":"2026-03-30T20:47:27","date_gmt":"2026-03-30T20:47:27","guid":{"rendered":"https:\/\/wonderful-bartik.194-164-168-171.plesk.page\/?page_id=28"},"modified":"2026-03-31T06:47:11","modified_gmt":"2026-03-31T06:47:11","slug":"declaracion-de-accesibilidad","status":"publish","type":"page","link":"https:\/\/reformas-sanchez21.es\/?page_id=28","title":{"rendered":"Declaraci\u00f3n de accesibilidad"},"content":{"rendered":"\t\t<div data-elementor-type=\"wp-page\" data-elementor-id=\"28\" class=\"elementor elementor-28\" data-elementor-post-type=\"page\">\n\t\t\t\t<div class=\"elementor-element elementor-element-a59e919 e-flex e-con-boxed e-con e-parent\" data-id=\"a59e919\" data-element_type=\"container\" data-e-type=\"container\">\n\t\t\t\t\t<div class=\"e-con-inner\">\n\t\t\t\t<div class=\"elementor-element elementor-element-ac49d69 elementor-widget elementor-widget-text-editor\" data-id=\"ac49d69\" data-element_type=\"widget\" data-e-type=\"widget\" data-widget_type=\"text-editor.default\">\n\t\t\t\t\t\t\t\t\t<h2><b>Declaraci\u00f3n de Accesibilidad<\/b><\/h2><p>En la construcci\u00f3n de la p\u00e1gina web de<b><a href=\"https:\/\/https:\/\/reformas-sanchez21.es\/\" target=\"_blank\" rel=\"noopener\">https:\/\/reformas-sanchez21.es\/<\/a><\/b> se han adoptado medidas con el objetivo de que el mayor n\u00famero posible de personas puedan llegar a la informaci\u00f3n que se transmite en ella, independientemente de las limitaciones de la persona o de las que se deriven del contexto de uso.<\/p><p>As\u00ed, en la confecci\u00f3n del portal se han tenido en cuenta los siguientes aspectos:<\/p><ul><li aria-level=\"1\">Uso de CSS para la presentaci\u00f3n de la informaci\u00f3n.<\/li><li aria-level=\"1\">Etiquetas de marcaje.<\/li><li aria-level=\"1\">Sistemas de navegaci\u00f3n usables, intuitivos y alternativos.<\/li><li aria-level=\"1\">Descripciones alternativas en las im\u00e1genes.<\/li><li aria-level=\"1\">Verificaciones en la visualizaci\u00f3n con diferentes navegadores y dispositivos.<\/li><li aria-level=\"1\">Utilizaci\u00f3n de formatos universales y alternativos.<\/li><li aria-level=\"1\">Los enlaces ofrecen detalles de la funci\u00f3n o destino del hiperv\u00ednculo.<\/li><li aria-level=\"1\">Uso de los est\u00e1ndares del W3C.<\/li><li aria-level=\"1\">Acceso mediante atajos teclado a las principales opciones.<\/li><\/ul><h2><b>Cumplimiento de los est\u00e1ndares<\/b><\/h2><p>Las p\u00e1ginas de este sitio Web cumplen la marca AA seg\u00fan la Norma UNE 139803:2004 y las Directrices de Accesibilidad para el Contenido Web 1.0 del W3C. Todos los requisitos de Prioridad 1 y Prioridad 2 y un subconjunto de los requisitos de Prioridad 3 han sido comprobados con un an\u00e1lisis manual de la accesibilidad a trav\u00e9s de diferentes herramientas semi-autom\u00e1ticas y agentes de usuario.<\/p><h2><b>Atajos de teclado<\/b><\/h2><p>En esta Web puede hacer saltos ordenados en el contenido con la tecla Tab.<\/p><h2><b>Tama\u00f1o del texto<\/b><\/h2><p>El dise\u00f1o accesible permite que el usuario pueda ajustar las fuentes al tama\u00f1o que le convenga. Esta acci\u00f3n puede llevarse a cabo de diferentes maneras seg\u00fan el navegador web que se utilice. A continuaci\u00f3n se indica la acci\u00f3n de men\u00fa donde se encuentra esta funcionalidad en los navegadores m\u00e1s frecuentes:<\/p><ul><li aria-level=\"1\">Mozilla Firefox: Ver &gt; Tama\u00f1o de texto &gt; Incrementar Internet<\/li><li aria-level=\"1\">Internet Explorer: Ver &gt; Tama\u00f1o de texto &gt; M\u00e1s grande<\/li><li aria-level=\"1\">Opera: View &gt; Zoom &gt; %<\/li><li aria-level=\"1\">Safari: View &gt; Make text bigger<\/li><li aria-level=\"1\">Google Chrome: Herramientas &gt; Zoom<\/li><\/ul><h2><b>Configuraci\u00f3n t\u00e9cnica<\/b><\/h2><p>Las p\u00e1ginas web est\u00e1n creadas con el CMS WordPress 6.1.1.<\/p><h2><b>Informaci\u00f3n \u00fatil sobre la accesibilidad<\/b><\/h2><p>Seguidamente se exponen una serie de enlaces organizados en diferentes categor\u00edas \u00fatiles para obtener m\u00e1s informaci\u00f3n sobre la accesibilidad.<\/p><h2><b>Accesibilidad normas y documentos t\u00e9cnicos:<\/b><\/h2><p><a href=\"http:\/\/www.w3c.org\/\">http:\/\/www.w3c.org\/<br \/><\/a>Consorcio World Wide Web, grupo de trabajo de \u00e1mbito internacional que dicta l\u00edneas generales relacionadas con la web.<\/p><p><a href=\"http:\/\/www.w3c.org\/wai\/\">http:\/\/www.w3c.org\/wai\/<br \/><\/a>Iniciativa de Accesibilidad Web del W3C.<\/p>\t\t\t\t\t\t\t\t<\/div>\n\t\t\t\t\t<\/div>\n\t\t\t\t<\/div>\n\t\t\t\t<\/div>\n\t\t","protected":false},"excerpt":{"rendered":"<p>Declaraci\u00f3n de Accesibilidad En la construcci\u00f3n de la p\u00e1gina web dehttps:\/\/reformas-sanchez21.es\/ se han adoptado medidas con el objetivo de que el mayor n\u00famero posible de personas puedan llegar a la informaci\u00f3n que se transmite en ella, independientemente de las limitaciones de la persona o de las que se deriven del contexto de uso. As\u00ed, en [&hellip;]<\/p>\n","protected":false},"author":1,"featured_media":0,"parent":0,"menu_order":0,"comment_status":"closed","ping_status":"closed","template":"","meta":{"footnotes":""},"class_list":["post-28","page","type-page","status-publish","hentry"],"yoast_head":"<!-- This site is optimized with the Yoast SEO plugin v27.4 - https:\/\/yoast.com\/product\/yoast-seo-wordpress\/ -->\n<title>Declaraci\u00f3n de accesibilidad - Reformas S\u00e1nchez 21<\/title>\n<meta name=\"robots\" content=\"noindex, nofollow\" \/>\n<meta property=\"og:locale\" content=\"es_ES\" \/>\n<meta property=\"og:type\" content=\"article\" \/>\n<meta property=\"og:title\" content=\"Declaraci\u00f3n de accesibilidad - Reformas S\u00e1nchez 21\" \/>\n<meta property=\"og:description\" content=\"Declaraci\u00f3n de Accesibilidad En la construcci\u00f3n de la p\u00e1gina web dehttps:\/\/reformas-sanchez21.es\/ se han adoptado medidas con el objetivo de que el mayor n\u00famero posible de personas puedan llegar a la informaci\u00f3n que se transmite en ella, independientemente de las limitaciones de la persona o de las que se deriven del contexto de uso. As\u00ed, en [&hellip;]\" \/>\n<meta property=\"og:url\" content=\"https:\/\/reformas-sanchez21.es\/?page_id=28\" \/>\n<meta property=\"og:site_name\" content=\"Reformas S\u00e1nchez 21\" \/>\n<meta property=\"article:modified_time\" content=\"2026-03-31T06:47:11+00:00\" \/>\n<meta name=\"twitter:card\" content=\"summary_large_image\" \/>\n<meta name=\"twitter:label1\" content=\"Tiempo de lectura\" \/>\n\t<meta name=\"twitter:data1\" content=\"2 minutos\" \/>\n<script type=\"application\/ld+json\" class=\"yoast-schema-graph\">{\"@context\":\"https:\\\/\\\/schema.org\",\"@graph\":[{\"@type\":\"WebPage\",\"@id\":\"https:\\\/\\\/reformas-sanchez21.es\\\/?page_id=28\",\"url\":\"https:\\\/\\\/reformas-sanchez21.es\\\/?page_id=28\",\"name\":\"Declaraci\u00f3n de accesibilidad - Reformas S\u00e1nchez 21\",\"isPartOf\":{\"@id\":\"https:\\\/\\\/reformas-sanchez21.es\\\/#website\"},\"datePublished\":\"2026-03-30T20:47:27+00:00\",\"dateModified\":\"2026-03-31T06:47:11+00:00\",\"breadcrumb\":{\"@id\":\"https:\\\/\\\/reformas-sanchez21.es\\\/?page_id=28#breadcrumb\"},\"inLanguage\":\"es\",\"potentialAction\":[{\"@type\":\"ReadAction\",\"target\":[\"https:\\\/\\\/reformas-sanchez21.es\\\/?page_id=28\"]}]},{\"@type\":\"BreadcrumbList\",\"@id\":\"https:\\\/\\\/reformas-sanchez21.es\\\/?page_id=28#breadcrumb\",\"itemListElement\":[{\"@type\":\"ListItem\",\"position\":1,\"name\":\"Portada\",\"item\":\"https:\\\/\\\/reformas-sanchez21.es\\\/\"},{\"@type\":\"ListItem\",\"position\":2,\"name\":\"Declaraci\u00f3n de accesibilidad\"}]},{\"@type\":\"WebSite\",\"@id\":\"https:\\\/\\\/reformas-sanchez21.es\\\/#website\",\"url\":\"https:\\\/\\\/reformas-sanchez21.es\\\/\",\"name\":\"Reformas S\u00e1nchez 21\",\"description\":\"Reformas S\u00e1nchez 21, convertimos tu visi\u00f3n en realidad.\",\"potentialAction\":[{\"@type\":\"SearchAction\",\"target\":{\"@type\":\"EntryPoint\",\"urlTemplate\":\"https:\\\/\\\/reformas-sanchez21.es\\\/?s={search_term_string}\"},\"query-input\":{\"@type\":\"PropertyValueSpecification\",\"valueRequired\":true,\"valueName\":\"search_term_string\"}}],\"inLanguage\":\"es\"}]}<\/script>\n<!-- \/ Yoast SEO plugin. -->","yoast_head_json":{"title":"Declaraci\u00f3n de accesibilidad - Reformas S\u00e1nchez 21","robots":{"index":"noindex","follow":"nofollow"},"og_locale":"es_ES","og_type":"article","og_title":"Declaraci\u00f3n de accesibilidad - Reformas S\u00e1nchez 21","og_description":"Declaraci\u00f3n de Accesibilidad En la construcci\u00f3n de la p\u00e1gina web dehttps:\/\/reformas-sanchez21.es\/ se han adoptado medidas con el objetivo de que el mayor n\u00famero posible de personas puedan llegar a la informaci\u00f3n que se transmite en ella, independientemente de las limitaciones de la persona o de las que se deriven del contexto de uso. As\u00ed, en [&hellip;]","og_url":"https:\/\/reformas-sanchez21.es\/?page_id=28","og_site_name":"Reformas S\u00e1nchez 21","article_modified_time":"2026-03-31T06:47:11+00:00","twitter_card":"summary_large_image","twitter_misc":{"Tiempo de lectura":"2 minutos"},"schema":{"@context":"https:\/\/schema.org","@graph":[{"@type":"WebPage","@id":"https:\/\/reformas-sanchez21.es\/?page_id=28","url":"https:\/\/reformas-sanchez21.es\/?page_id=28","name":"Declaraci\u00f3n de accesibilidad - Reformas S\u00e1nchez 21","isPartOf":{"@id":"https:\/\/reformas-sanchez21.es\/#website"},"datePublished":"2026-03-30T20:47:27+00:00","dateModified":"2026-03-31T06:47:11+00:00","breadcrumb":{"@id":"https:\/\/reformas-sanchez21.es\/?page_id=28#breadcrumb"},"inLanguage":"es","potentialAction":[{"@type":"ReadAction","target":["https:\/\/reformas-sanchez21.es\/?page_id=28"]}]},{"@type":"BreadcrumbList","@id":"https:\/\/reformas-sanchez21.es\/?page_id=28#breadcrumb","itemListElement":[{"@type":"ListItem","position":1,"name":"Portada","item":"https:\/\/reformas-sanchez21.es\/"},{"@type":"ListItem","position":2,"name":"Declaraci\u00f3n de accesibilidad"}]},{"@type":"WebSite","@id":"https:\/\/reformas-sanchez21.es\/#website","url":"https:\/\/reformas-sanchez21.es\/","name":"Reformas S\u00e1nchez 21","description":"Reformas S\u00e1nchez 21, convertimos tu visi\u00f3n en realidad.","potentialAction":[{"@type":"SearchAction","target":{"@type":"EntryPoint","urlTemplate":"https:\/\/reformas-sanchez21.es\/?s={search_term_string}"},"query-input":{"@type":"PropertyValueSpecification","valueRequired":true,"valueName":"search_term_string"}}],"inLanguage":"es"}]}},"_links":{"self":[{"href":"https:\/\/reformas-sanchez21.es\/index.php?rest_route=\/wp\/v2\/pages\/28","targetHints":{"allow":["GET"]}}],"collection":[{"href":"https:\/\/reformas-sanchez21.es\/index.php?rest_route=\/wp\/v2\/pages"}],"about":[{"href":"https:\/\/reformas-sanchez21.es\/index.php?rest_route=\/wp\/v2\/types\/page"}],"author":[{"embeddable":true,"href":"https:\/\/reformas-sanchez21.es\/index.php?rest_route=\/wp\/v2\/users\/1"}],"replies":[{"embeddable":true,"href":"https:\/\/reformas-sanchez21.es\/index.php?rest_route=%2Fwp%2Fv2%2Fcomments&post=28"}],"version-history":[{"count":4,"href":"https:\/\/reformas-sanchez21.es\/index.php?rest_route=\/wp\/v2\/pages\/28\/revisions"}],"predecessor-version":[{"id":450,"href":"https:\/\/reformas-sanchez21.es\/index.php?rest_route=\/wp\/v2\/pages\/28\/revisions\/450"}],"wp:attachment":[{"href":"https:\/\/reformas-sanchez21.es\/index.php?rest_route=%2Fwp%2Fv2%2Fmedia&parent=28"}],"curies":[{"name":"wp","href":"https:\/\/api.w.org\/{rel}","templated":true}]}}