{"id":27,"date":"2026-03-30T20:47:08","date_gmt":"2026-03-30T20:47:08","guid":{"rendered":"https:\/\/wonderful-bartik.194-164-168-171.plesk.page\/?page_id=27"},"modified":"2026-03-31T06:46:49","modified_gmt":"2026-03-31T06:46:49","slug":"aviso-legal","status":"publish","type":"page","link":"https:\/\/reformas-sanchez21.es\/?page_id=27","title":{"rendered":"Aviso legal"},"content":{"rendered":"\t\t<div data-elementor-type=\"wp-page\" data-elementor-id=\"27\" class=\"elementor elementor-27\" data-elementor-post-type=\"page\">\n\t\t\t\t<div class=\"elementor-element elementor-element-0ef02c5 e-flex e-con-boxed e-con e-parent\" data-id=\"0ef02c5\" data-element_type=\"container\" data-e-type=\"container\">\n\t\t\t\t\t<div class=\"e-con-inner\">\n\t\t\t\t<div class=\"elementor-element elementor-element-391366e elementor-widget elementor-widget-text-editor\" data-id=\"391366e\" data-element_type=\"widget\" data-e-type=\"widget\" data-widget_type=\"text-editor.default\">\n\t\t\t\t\t\t\t\t\t<h2><b>Aviso Legal<\/b><\/h2><p>Raz\u00f3n social: <b data-var=\"NOMBRE\">Manuel Gonz\u00e1lez<\/b><\/p><p>CIF: <b data-var=\"IDENTIDAD\">Y7292958V<\/b><\/p><p>Direcci\u00f3n: <b data-var=\"UBICACI\u00d3N\">calle san Isidro numero 1 velada Toledo<\/b><\/p><p>N\u00famero: <b data-var=\"MOVIL\">+34641688891<\/b><\/p><p>Correo: <b data-var=\"EMAIL\">magudelo921@gmail.com<\/b><\/p><p>\u00a0<\/p><p><b data-var=\"NOMBRE\">Manuel Gonz\u00e1lez<\/b> se compromete a mantener este sitio web actualizado y preciso. Si, a pesar de todo, encontrara algo incorrecto o desactualizado, le agradecer\u00edamos que nos lo hiciera saber. Por favor, indique en qu\u00e9 parte del sitio web ha le\u00eddo la informaci\u00f3n. Entonces lo examinaremos lo antes posible. Por favor, env\u00ede su duda por correo electr\u00f3nico a: <b data-var=\"EMAIL\">magudelo921@gmail.com<\/b>.<\/p><p>No nos hacemos responsables de la p\u00e9rdida como resultado de inexactitudes o incompletitud, ni de la p\u00e9rdida resultante de problemas causados por o inherentes a la difusi\u00f3n de informaci\u00f3n a trav\u00e9s de Internet, tales como disrupciones o interrupciones. Al utilizar formularios web, nos esforzamos por limitar al m\u00ednimo el n\u00famero de campos obligatorios. Por cualquier p\u00e9rdida sufrida como resultado del uso de datos, asesor\u00eda o ideas proporcionados por o en nombre de <b data-var=\"NOMBRE\">Manuel Gonz\u00e1lez<\/b> a trav\u00e9s de este sitio web, <b data-var=\"NOMBRE\">Manuel Gonz\u00e1lez<\/b> no acepta ninguna responsabilidad.<\/p><p>Las respuestas y preguntas sobre privacidad enviadas por correo electr\u00f3nico o a trav\u00e9s de un formulario web ser\u00e1n tratadas de la misma manera que las cartas. Esto significa que puede esperar una respuesta de nosotros en un plazo de 1 mes como m\u00e1ximo. En el caso de solicitudes complejas, le informaremos en el plazo de 1 mes si necesitamos un m\u00e1ximo de 3 meses.<\/p><p>Cualquier dato personal que nos proporcione en el contexto de su respuesta o solicitud de informaci\u00f3n s\u00f3lo se utilizar\u00e1 de acuerdo con nuestra declaraci\u00f3n de privacidad.<\/p><p><b data-var=\"NOMBRE\">Manuel Gonz\u00e1lez<\/b> debe hacer cada esfuerzo razonable para proteger sus sistemas contra cualquier forma de uso ilegal. <b data-var=\"NOMBRE\">Manuel Gonz\u00e1lez<\/b>aplicar\u00e1n las medidas t\u00e9cnicas y organizativas adecuadas a tal fin, teniendo en cuenta, entre otras cosas, el estado actual de la t\u00e9cnica. No obstante, no se hace responsable de los perjuicios, directos y\/o indirectos, sufridos por el usuario de la p\u00e1gina web, que se deriven de la utilizaci\u00f3n il\u00edcita de sus sistemas por un tercero.<\/p><p><b data-var=\"NOMBRE\">Manuel Gonz\u00e1lez<\/b> no se hace responsable del contenido de las p\u00e1ginas web a las que se hace referencia mediante hiperv\u00ednculos u otras referencias. Los productos o servicios ofrecidos por terceros estar\u00e1n sujetos a los t\u00e9rminos y condiciones aplicables de dichos terceros.<\/p><p>Nuestros empleados har\u00e1n todo lo posible para garantizar la accesibilidad de nuestra p\u00e1gina web y para mejorarla continuamente. Incluyendo para personas que usan software especial debido a una discapacidad.<\/p><p>Este sitio web est\u00e1 construido de acuerdo con las pautas de nivel AA WCAG 2.1. Estas pautas son acuerdos internacionalmente reconocidos sobre accesibilidad, sostenibilidad, intercambiabilidad y facilidad de b\u00fasqueda de sitios web.<\/p><p>Todos los derechos de propiedad intelectual sobre el contenido de este sitio web pertenecen a terceros que han colocado el contenido ellos mismos o de quienes <b data-var=\"NOMBRE\">Manuel Gonz\u00e1lez<\/b> ha obtenido una licencia de usuario.<\/p><p>La copia, difusi\u00f3n y cualquier otro uso de estos materiales no est\u00e1 permitido sin el permiso escrito de <b data-var=\"NOMBRE\">Manuel Gonz\u00e1lez<\/b>, excepto y s\u00f3lo en la medida en que se estipule lo contrario en los reglamentos de la ley obligatoria (como el derecho a cotizar), a menos que el contenido espec\u00edfico dicte lo contrario.<\/p><p>Si tiene alguna pregunta o problema con la accesibilidad del sitio web, no dude en ponerse en contacto con nosotros.<\/p>\t\t\t\t\t\t\t\t<\/div>\n\t\t\t\t\t<\/div>\n\t\t\t\t<\/div>\n\t\t\t\t<\/div>\n\t\t","protected":false},"excerpt":{"rendered":"<p>Aviso Legal Raz\u00f3n social: Manuel Gonz\u00e1lez CIF: Y7292958V Direcci\u00f3n: calle san Isidro numero 1 velada Toledo N\u00famero: +34641688891 Correo: magudelo921@gmail.com \u00a0 Manuel Gonz\u00e1lez se compromete a mantener este sitio web actualizado y preciso. Si, a pesar de todo, encontrara algo incorrecto o desactualizado, le agradecer\u00edamos que nos lo hiciera saber. Por favor, indique en qu\u00e9 [&hellip;]<\/p>\n","protected":false},"author":1,"featured_media":0,"parent":0,"menu_order":0,"comment_status":"closed","ping_status":"closed","template":"","meta":{"footnotes":""},"class_list":["post-27","page","type-page","status-publish","hentry"],"yoast_head":"<!-- This site is optimized with the Yoast SEO plugin v27.4 - https:\/\/yoast.com\/product\/yoast-seo-wordpress\/ -->\n<title>Aviso legal - Reformas S\u00e1nchez 21<\/title>\n<meta name=\"robots\" content=\"noindex, nofollow\" \/>\n<meta property=\"og:locale\" content=\"es_ES\" \/>\n<meta property=\"og:type\" content=\"article\" \/>\n<meta property=\"og:title\" content=\"Aviso legal - Reformas S\u00e1nchez 21\" \/>\n<meta property=\"og:description\" content=\"Aviso Legal Raz\u00f3n social: Manuel Gonz\u00e1lez CIF: Y7292958V Direcci\u00f3n: calle san Isidro numero 1 velada Toledo N\u00famero: +34641688891 Correo: magudelo921@gmail.com \u00a0 Manuel Gonz\u00e1lez se compromete a mantener este sitio web actualizado y preciso. Si, a pesar de todo, encontrara algo incorrecto o desactualizado, le agradecer\u00edamos que nos lo hiciera saber. Por favor, indique en qu\u00e9 [&hellip;]\" \/>\n<meta property=\"og:url\" content=\"https:\/\/reformas-sanchez21.es\/?page_id=27\" \/>\n<meta property=\"og:site_name\" content=\"Reformas S\u00e1nchez 21\" \/>\n<meta property=\"article:modified_time\" content=\"2026-03-31T06:46:49+00:00\" \/>\n<meta name=\"twitter:card\" content=\"summary_large_image\" \/>\n<meta name=\"twitter:label1\" content=\"Tiempo de lectura\" \/>\n\t<meta name=\"twitter:data1\" content=\"3 minutos\" \/>\n<script type=\"application\/ld+json\" class=\"yoast-schema-graph\">{\"@context\":\"https:\\\/\\\/schema.org\",\"@graph\":[{\"@type\":\"WebPage\",\"@id\":\"https:\\\/\\\/reformas-sanchez21.es\\\/?page_id=27\",\"url\":\"https:\\\/\\\/reformas-sanchez21.es\\\/?page_id=27\",\"name\":\"Aviso legal - Reformas S\u00e1nchez 21\",\"isPartOf\":{\"@id\":\"https:\\\/\\\/reformas-sanchez21.es\\\/#website\"},\"datePublished\":\"2026-03-30T20:47:08+00:00\",\"dateModified\":\"2026-03-31T06:46:49+00:00\",\"breadcrumb\":{\"@id\":\"https:\\\/\\\/reformas-sanchez21.es\\\/?page_id=27#breadcrumb\"},\"inLanguage\":\"es\",\"potentialAction\":[{\"@type\":\"ReadAction\",\"target\":[\"https:\\\/\\\/reformas-sanchez21.es\\\/?page_id=27\"]}]},{\"@type\":\"BreadcrumbList\",\"@id\":\"https:\\\/\\\/reformas-sanchez21.es\\\/?page_id=27#breadcrumb\",\"itemListElement\":[{\"@type\":\"ListItem\",\"position\":1,\"name\":\"Portada\",\"item\":\"https:\\\/\\\/reformas-sanchez21.es\\\/\"},{\"@type\":\"ListItem\",\"position\":2,\"name\":\"Aviso legal\"}]},{\"@type\":\"WebSite\",\"@id\":\"https:\\\/\\\/reformas-sanchez21.es\\\/#website\",\"url\":\"https:\\\/\\\/reformas-sanchez21.es\\\/\",\"name\":\"Reformas S\u00e1nchez 21\",\"description\":\"Reformas S\u00e1nchez 21, convertimos tu visi\u00f3n en realidad.\",\"potentialAction\":[{\"@type\":\"SearchAction\",\"target\":{\"@type\":\"EntryPoint\",\"urlTemplate\":\"https:\\\/\\\/reformas-sanchez21.es\\\/?s={search_term_string}\"},\"query-input\":{\"@type\":\"PropertyValueSpecification\",\"valueRequired\":true,\"valueName\":\"search_term_string\"}}],\"inLanguage\":\"es\"}]}<\/script>\n<!-- \/ Yoast SEO plugin. -->","yoast_head_json":{"title":"Aviso legal - Reformas S\u00e1nchez 21","robots":{"index":"noindex","follow":"nofollow"},"og_locale":"es_ES","og_type":"article","og_title":"Aviso legal - Reformas S\u00e1nchez 21","og_description":"Aviso Legal Raz\u00f3n social: Manuel Gonz\u00e1lez CIF: Y7292958V Direcci\u00f3n: calle san Isidro numero 1 velada Toledo N\u00famero: +34641688891 Correo: magudelo921@gmail.com \u00a0 Manuel Gonz\u00e1lez se compromete a mantener este sitio web actualizado y preciso. Si, a pesar de todo, encontrara algo incorrecto o desactualizado, le agradecer\u00edamos que nos lo hiciera saber. Por favor, indique en qu\u00e9 [&hellip;]","og_url":"https:\/\/reformas-sanchez21.es\/?page_id=27","og_site_name":"Reformas S\u00e1nchez 21","article_modified_time":"2026-03-31T06:46:49+00:00","twitter_card":"summary_large_image","twitter_misc":{"Tiempo de lectura":"3 minutos"},"schema":{"@context":"https:\/\/schema.org","@graph":[{"@type":"WebPage","@id":"https:\/\/reformas-sanchez21.es\/?page_id=27","url":"https:\/\/reformas-sanchez21.es\/?page_id=27","name":"Aviso legal - Reformas S\u00e1nchez 21","isPartOf":{"@id":"https:\/\/reformas-sanchez21.es\/#website"},"datePublished":"2026-03-30T20:47:08+00:00","dateModified":"2026-03-31T06:46:49+00:00","breadcrumb":{"@id":"https:\/\/reformas-sanchez21.es\/?page_id=27#breadcrumb"},"inLanguage":"es","potentialAction":[{"@type":"ReadAction","target":["https:\/\/reformas-sanchez21.es\/?page_id=27"]}]},{"@type":"BreadcrumbList","@id":"https:\/\/reformas-sanchez21.es\/?page_id=27#breadcrumb","itemListElement":[{"@type":"ListItem","position":1,"name":"Portada","item":"https:\/\/reformas-sanchez21.es\/"},{"@type":"ListItem","position":2,"name":"Aviso legal"}]},{"@type":"WebSite","@id":"https:\/\/reformas-sanchez21.es\/#website","url":"https:\/\/reformas-sanchez21.es\/","name":"Reformas S\u00e1nchez 21","description":"Reformas S\u00e1nchez 21, convertimos tu visi\u00f3n en realidad.","potentialAction":[{"@type":"SearchAction","target":{"@type":"EntryPoint","urlTemplate":"https:\/\/reformas-sanchez21.es\/?s={search_term_string}"},"query-input":{"@type":"PropertyValueSpecification","valueRequired":true,"valueName":"search_term_string"}}],"inLanguage":"es"}]}},"_links":{"self":[{"href":"https:\/\/reformas-sanchez21.es\/index.php?rest_route=\/wp\/v2\/pages\/27","targetHints":{"allow":["GET"]}}],"collection":[{"href":"https:\/\/reformas-sanchez21.es\/index.php?rest_route=\/wp\/v2\/pages"}],"about":[{"href":"https:\/\/reformas-sanchez21.es\/index.php?rest_route=\/wp\/v2\/types\/page"}],"author":[{"embeddable":true,"href":"https:\/\/reformas-sanchez21.es\/index.php?rest_route=\/wp\/v2\/users\/1"}],"replies":[{"embeddable":true,"href":"https:\/\/reformas-sanchez21.es\/index.php?rest_route=%2Fwp%2Fv2%2Fcomments&post=27"}],"version-history":[{"count":4,"href":"https:\/\/reformas-sanchez21.es\/index.php?rest_route=\/wp\/v2\/pages\/27\/revisions"}],"predecessor-version":[{"id":445,"href":"https:\/\/reformas-sanchez21.es\/index.php?rest_route=\/wp\/v2\/pages\/27\/revisions\/445"}],"wp:attachment":[{"href":"https:\/\/reformas-sanchez21.es\/index.php?rest_route=%2Fwp%2Fv2%2Fmedia&parent=27"}],"curies":[{"name":"wp","href":"https:\/\/api.w.org\/{rel}","templated":true}]}}